{"id":511,"date":"2025-05-03T15:37:55","date_gmt":"2025-05-03T15:37:55","guid":{"rendered":"https:\/\/ff39.de\/?page_id=511"},"modified":"2026-04-15T12:42:29","modified_gmt":"2026-04-15T11:42:29","slug":"feuerwehrverein-alt","status":"publish","type":"page","link":"https:\/\/ff39.de\/feuerwehrverein-alt\/","title":{"rendered":"Feuerwehrverein alt"},"content":{"rendered":"\t\t<div data-elementor-type=\"wp-page\" data-elementor-id=\"511\" class=\"elementor elementor-511\" data-elementor-post-type=\"page\">\n\t\t\t\t<div class=\"elementor-element elementor-element-653d4bf e-flex e-con-boxed e-con e-parent\" data-id=\"653d4bf\" data-element_type=\"container\" data-e-type=\"container\">\n\t\t\t\t\t<div class=\"e-con-inner\">\n\t\t\t\t<div class=\"elementor-element elementor-element-466 elementor-widget elementor-widget-global elementor-global-466 elementor-widget-image\" data-id=\"466\" data-element_type=\"widget\" data-e-type=\"widget\" data-widget_type=\"image.default\">\n\t\t\t\t<div class=\"elementor-widget-container\">\n\t\t\t\t\t\t\t\t\t\t\t\t\t\t\t<img decoding=\"async\" width=\"305\" height=\"130\" src=\"https:\/\/ff39.de\/wp-content\/uploads\/2023\/04\/cropped-Logo-FF.png\" class=\"attachment-large size-large wp-image-93\" alt=\"\" srcset=\"https:\/\/ff39.de\/wp-content\/uploads\/2023\/04\/cropped-Logo-FF.png 305w, https:\/\/ff39.de\/wp-content\/uploads\/2023\/04\/cropped-Logo-FF-300x128.png 300w\" sizes=\"(max-width: 305px) 100vw, 305px\" \/>\t\t\t\t\t\t\t\t\t\t\t\t\t\t\t<\/div>\n\t\t\t\t<\/div>\n\t\t\t\t\t<\/div>\n\t\t\t\t<\/div>\n\t\t<div class=\"elementor-element elementor-element-e16cceb e-flex e-con-boxed e-con e-parent\" data-id=\"e16cceb\" data-element_type=\"container\" data-e-type=\"container\">\n\t\t\t\t\t<div class=\"e-con-inner\">\n\t\t\t\t<div class=\"elementor-element elementor-element-463 elementor-nav-menu--dropdown-tablet elementor-nav-menu__text-align-aside elementor-nav-menu--toggle elementor-nav-menu--burger elementor-invisible elementor-widget elementor-widget-global elementor-global-463 elementor-widget-nav-menu\" data-id=\"463\" data-element_type=\"widget\" data-e-type=\"widget\" data-settings=\"{&quot;submenu_icon&quot;:{&quot;value&quot;:&quot;fas fa-chevron-down&quot;,&quot;library&quot;:&quot;fa-solid&quot;},&quot;sticky&quot;:&quot;top&quot;,&quot;_animation&quot;:&quot;fadeIn&quot;,&quot;motion_fx_motion_fx_scrolling&quot;:&quot;yes&quot;,&quot;motion_fx_devices&quot;:[&quot;mobile&quot;],&quot;motion_fx_range&quot;:&quot;viewport&quot;,&quot;sticky_on&quot;:[&quot;mobile&quot;],&quot;layout&quot;:&quot;horizontal&quot;,&quot;toggle&quot;:&quot;burger&quot;,&quot;sticky_offset&quot;:0,&quot;sticky_effects_offset&quot;:0,&quot;sticky_anchor_link_offset&quot;:0}\" data-widget_type=\"nav-menu.default\">\n\t\t\t\t<div class=\"elementor-widget-container\">\n\t\t\t\t\t\t\t\t<nav aria-label=\"Men\u00fc\" class=\"elementor-nav-menu--main elementor-nav-menu__container elementor-nav-menu--layout-horizontal e--pointer-underline e--animation-fade\">\n\t\t\t\t<ul id=\"menu-1-463\" class=\"elementor-nav-menu\"><li class=\"menu-item menu-item-type-post_type menu-item-object-page menu-item-home menu-item-376\"><a href=\"https:\/\/ff39.de\/\" class=\"elementor-item\">Startseite<\/a><\/li>\n<li class=\"menu-item menu-item-type-post_type menu-item-object-page menu-item-has-children menu-item-559\"><a href=\"https:\/\/ff39.de\/abteilungen\/\" class=\"elementor-item\">Abteilungen<\/a>\n<ul class=\"sub-menu elementor-nav-menu--dropdown\">\n\t<li class=\"menu-item menu-item-type-post_type menu-item-object-page menu-item-670\"><a href=\"https:\/\/ff39.de\/minifeuerwehr\/\" class=\"elementor-sub-item\">Minifeuerwehr<\/a><\/li>\n\t<li class=\"menu-item menu-item-type-post_type menu-item-object-page menu-item-765\"><a href=\"https:\/\/ff39.de\/jugendfeuerwehr\/\" class=\"elementor-sub-item\">Jugendfeuerwehr<\/a><\/li>\n\t<li class=\"menu-item menu-item-type-post_type menu-item-object-page menu-item-776\"><a href=\"https:\/\/ff39.de\/einsatzabteilung\/\" class=\"elementor-sub-item\">Einsatzabteilung<\/a><\/li>\n\t<li class=\"menu-item menu-item-type-post_type menu-item-object-page menu-item-660\"><a href=\"https:\/\/ff39.de\/alters-ehrenabteilung-2\/\" class=\"elementor-sub-item\">Alters- &amp; Ehrenabteilung<\/a><\/li>\n\t<li class=\"menu-item menu-item-type-post_type menu-item-object-page menu-item-949\"><a href=\"https:\/\/ff39.de\/feuerwehrverein-neu\/\" class=\"elementor-sub-item\">Feuerwehrverein<\/a><\/li>\n<\/ul>\n<\/li>\n<li class=\"menu-item menu-item-type-post_type menu-item-object-page menu-item-1021\"><a href=\"https:\/\/ff39.de\/fahrzeuge\/\" class=\"elementor-item\">Fahrzeuge<\/a><\/li>\n<li class=\"menu-item menu-item-type-post_type menu-item-object-page menu-item-1028\"><a href=\"https:\/\/ff39.de\/geschichte\/\" class=\"elementor-item\">Geschichte<\/a><\/li>\n<\/ul>\t\t\t<\/nav>\n\t\t\t\t\t<div class=\"elementor-menu-toggle\" role=\"button\" tabindex=\"0\" aria-label=\"Men\u00fc Umschalter\" aria-expanded=\"false\">\n\t\t\t<i aria-hidden=\"true\" role=\"presentation\" class=\"elementor-menu-toggle__icon--open eicon-menu-bar\"><\/i><i aria-hidden=\"true\" role=\"presentation\" class=\"elementor-menu-toggle__icon--close eicon-close\"><\/i>\t\t<\/div>\n\t\t\t\t\t<nav class=\"elementor-nav-menu--dropdown elementor-nav-menu__container\" aria-hidden=\"true\">\n\t\t\t\t<ul id=\"menu-2-463\" class=\"elementor-nav-menu\"><li class=\"menu-item menu-item-type-post_type menu-item-object-page menu-item-home menu-item-376\"><a href=\"https:\/\/ff39.de\/\" class=\"elementor-item\" tabindex=\"-1\">Startseite<\/a><\/li>\n<li class=\"menu-item menu-item-type-post_type menu-item-object-page menu-item-has-children menu-item-559\"><a href=\"https:\/\/ff39.de\/abteilungen\/\" class=\"elementor-item\" tabindex=\"-1\">Abteilungen<\/a>\n<ul class=\"sub-menu elementor-nav-menu--dropdown\">\n\t<li class=\"menu-item menu-item-type-post_type menu-item-object-page menu-item-670\"><a href=\"https:\/\/ff39.de\/minifeuerwehr\/\" class=\"elementor-sub-item\" tabindex=\"-1\">Minifeuerwehr<\/a><\/li>\n\t<li class=\"menu-item menu-item-type-post_type menu-item-object-page menu-item-765\"><a href=\"https:\/\/ff39.de\/jugendfeuerwehr\/\" class=\"elementor-sub-item\" tabindex=\"-1\">Jugendfeuerwehr<\/a><\/li>\n\t<li class=\"menu-item menu-item-type-post_type menu-item-object-page menu-item-776\"><a href=\"https:\/\/ff39.de\/einsatzabteilung\/\" class=\"elementor-sub-item\" tabindex=\"-1\">Einsatzabteilung<\/a><\/li>\n\t<li class=\"menu-item menu-item-type-post_type menu-item-object-page menu-item-660\"><a href=\"https:\/\/ff39.de\/alters-ehrenabteilung-2\/\" class=\"elementor-sub-item\" tabindex=\"-1\">Alters- &amp; Ehrenabteilung<\/a><\/li>\n\t<li class=\"menu-item menu-item-type-post_type menu-item-object-page menu-item-949\"><a href=\"https:\/\/ff39.de\/feuerwehrverein-neu\/\" class=\"elementor-sub-item\" tabindex=\"-1\">Feuerwehrverein<\/a><\/li>\n<\/ul>\n<\/li>\n<li class=\"menu-item menu-item-type-post_type menu-item-object-page menu-item-1021\"><a href=\"https:\/\/ff39.de\/fahrzeuge\/\" class=\"elementor-item\" tabindex=\"-1\">Fahrzeuge<\/a><\/li>\n<li class=\"menu-item menu-item-type-post_type menu-item-object-page menu-item-1028\"><a href=\"https:\/\/ff39.de\/geschichte\/\" class=\"elementor-item\" tabindex=\"-1\">Geschichte<\/a><\/li>\n<\/ul>\t\t\t<\/nav>\n\t\t\t\t\t\t<\/div>\n\t\t\t\t<\/div>\n\t\t\t\t\t<\/div>\n\t\t\t\t<\/div>\n\t\t<div class=\"elementor-element elementor-element-12330ea e-flex e-con-boxed e-con e-parent\" data-id=\"12330ea\" data-element_type=\"container\" data-e-type=\"container\">\n\t\t\t\t\t<div class=\"e-con-inner\">\n\t\t\t\t<div class=\"elementor-element elementor-element-1ed8a00 elementor-widget elementor-widget-heading\" data-id=\"1ed8a00\" data-element_type=\"widget\" data-e-type=\"widget\" data-widget_type=\"heading.default\">\n\t\t\t\t<div class=\"elementor-widget-container\">\n\t\t\t\t\t<h2 class=\"elementor-heading-title elementor-size-default\">Feuerwehrverein<\/h2>\t\t\t\t<\/div>\n\t\t\t\t<\/div>\n\t\t\t\t\t<\/div>\n\t\t\t\t<\/div>\n\t\t<div class=\"elementor-element elementor-element-3c11a7d e-flex e-con-boxed e-con e-parent\" data-id=\"3c11a7d\" data-element_type=\"container\" data-e-type=\"container\">\n\t\t\t\t\t<div class=\"e-con-inner\">\n\t\t\t\t<div class=\"elementor-element elementor-element-eec0204 elementor-widget elementor-widget-spacer\" data-id=\"eec0204\" data-element_type=\"widget\" data-e-type=\"widget\" data-widget_type=\"spacer.default\">\n\t\t\t\t<div class=\"elementor-widget-container\">\n\t\t\t\t\t\t\t<div class=\"elementor-spacer\">\n\t\t\t<div class=\"elementor-spacer-inner\"><\/div>\n\t\t<\/div>\n\t\t\t\t\t\t<\/div>\n\t\t\t\t<\/div>\n\t\t\t\t\t<\/div>\n\t\t\t\t<\/div>\n\t\t<div class=\"elementor-element elementor-element-56f2cac e-flex e-con-boxed e-con e-parent\" data-id=\"56f2cac\" data-element_type=\"container\" data-e-type=\"container\">\n\t\t\t\t\t<div class=\"e-con-inner\">\n\t\t\t\t<div class=\"elementor-element elementor-element-d2aeda8 elementor-widget elementor-widget-text-editor\" data-id=\"d2aeda8\" data-element_type=\"widget\" data-e-type=\"widget\" data-widget_type=\"text-editor.default\">\n\t\t\t\t<div class=\"elementor-widget-container\">\n\t\t\t\t\t\t\t\t\t<p class=\"\" data-start=\"106\" data-end=\"164\"><strong data-start=\"106\" data-end=\"164\">Unser Feuerwehrverein \u2013 Gemeinsam f\u00fcr unsere Feuerwehr<\/strong><\/p><p class=\"\" data-start=\"166\" data-end=\"432\">Im Feuerwehrverein engagieren sich alle Mitmenschen, die unsere Freiwillige Feuerwehr in ihrer wichtigen ehrenamtlichen Arbeit unterst\u00fctzen m\u00f6chten. Ob als f\u00f6rderndes Mitglied, als helfende Hand bei Veranstaltungen oder durch tatkr\u00e4ftige Ideen \u2013 jeder Beitrag z\u00e4hlt!<\/p><p class=\"\" data-start=\"434\" data-end=\"802\">Mit Ihrer Mitgliedschaft im Feuerwehrverein leisten Sie einen wertvollen Beitrag zur Unterst\u00fctzung unserer Kameradinnen und Kameraden, die Tag f\u00fcr Tag bereitstehen, um Leben zu retten, Br\u00e4nde zu l\u00f6schen und Hilfe zu leisten. Der Verein st\u00e4rkt nicht nur die Ausstattung und \u00d6ffentlichkeitsarbeit der Feuerwehr, sondern f\u00f6rdert auch den Zusammenhalt in unserer Gemeinde.<\/p><p class=\"\" data-start=\"804\" data-end=\"897\"><strong data-start=\"804\" data-end=\"897\">Werden Sie Teil unseres starken Netzwerks \u2013 f\u00fcr mehr Sicherheit und Gemeinschaft vor Ort!<\/strong><\/p>\t\t\t\t\t\t\t\t<\/div>\n\t\t\t\t<\/div>\n\t\t\t\t\t<\/div>\n\t\t\t\t<\/div>\n\t\t\t\t<\/div>\n\t\t","protected":false},"excerpt":{"rendered":"<p>Feuerwehrverein Unser Feuerwehrverein \u2013 Gemeinsam f\u00fcr unsere Feuerwehr Im Feuerwehrverein engagieren sich alle Mitmenschen, die unsere Freiwillige Feuerwehr in ihrer wichtigen ehrenamtlichen Arbeit unterst\u00fctzen m\u00f6chten. Ob als f\u00f6rderndes Mitglied, als helfende Hand bei Veranstaltungen oder durch tatkr\u00e4ftige Ideen \u2013 jeder Beitrag z\u00e4hlt! Mit Ihrer Mitgliedschaft im Feuerwehrverein leisten Sie einen wertvollen Beitrag zur Unterst\u00fctzung unserer [&hellip;]<\/p>\n","protected":false},"author":1,"featured_media":0,"parent":0,"menu_order":0,"comment_status":"closed","ping_status":"closed","template":"elementor_canvas","meta":{"footnotes":""},"class_list":["post-511","page","type-page","status-publish","hentry"],"_links":{"self":[{"href":"https:\/\/ff39.de\/wp-json\/wp\/v2\/pages\/511","targetHints":{"allow":["GET"]}}],"collection":[{"href":"https:\/\/ff39.de\/wp-json\/wp\/v2\/pages"}],"about":[{"href":"https:\/\/ff39.de\/wp-json\/wp\/v2\/types\/page"}],"author":[{"embeddable":true,"href":"https:\/\/ff39.de\/wp-json\/wp\/v2\/users\/1"}],"replies":[{"embeddable":true,"href":"https:\/\/ff39.de\/wp-json\/wp\/v2\/comments?post=511"}],"version-history":[{"count":12,"href":"https:\/\/ff39.de\/wp-json\/wp\/v2\/pages\/511\/revisions"}],"predecessor-version":[{"id":937,"href":"https:\/\/ff39.de\/wp-json\/wp\/v2\/pages\/511\/revisions\/937"}],"wp:attachment":[{"href":"https:\/\/ff39.de\/wp-json\/wp\/v2\/media?parent=511"}],"curies":[{"name":"wp","href":"https:\/\/api.w.org\/{rel}","templated":true}]}}